{"id":30,"date":"2021-04-18T21:39:45","date_gmt":"2021-04-18T19:39:45","guid":{"rendered":"http:\/\/archibetta.com\/?page_id=30"},"modified":"2021-05-15T23:09:43","modified_gmt":"2021-05-15T21:09:43","slug":"about-me","status":"publish","type":"page","link":"https:\/\/archibetta.com\/index.php\/about-me\/","title":{"rendered":"About Me"},"content":{"rendered":"\t\t<div data-elementor-type=\"wp-page\" data-elementor-id=\"30\" class=\"elementor elementor-30\">\n\t\t\t\t\t\t<section class=\"elementor-section elementor-top-section elementor-element elementor-element-598c586 elementor-section-boxed elementor-section-height-default elementor-section-height-default\" data-id=\"598c586\" data-element_type=\"section\" data-e-type=\"section\" data-settings=\"{&quot;background_background&quot;:&quot;classic&quot;}\">\n\t\t\t\t\t\t<div class=\"elementor-container elementor-column-gap-default\">\n\t\t\t\t\t<div class=\"elementor-column elementor-col-50 elementor-top-column elementor-element elementor-element-1d37916\" data-id=\"1d37916\" data-element_type=\"column\" data-e-type=\"column\">\n\t\t\t<div class=\"elementor-widget-wrap elementor-element-populated\">\n\t\t\t\t\t\t<div class=\"elementor-element elementor-element-6303794 elementor-widget elementor-widget-spacer\" data-id=\"6303794\" data-element_type=\"widget\" data-e-type=\"widget\" data-widget_type=\"spacer.default\">\n\t\t\t\t<div class=\"elementor-widget-container\">\n\t\t\t\t\t\t\t<div class=\"elementor-spacer\">\n\t\t\t<div class=\"elementor-spacer-inner\"><\/div>\n\t\t<\/div>\n\t\t\t\t\t\t<\/div>\n\t\t\t\t<\/div>\n\t\t\t\t<div class=\"elementor-element elementor-element-6f7576d elementor-widget elementor-widget-text-editor\" data-id=\"6f7576d\" data-element_type=\"widget\" data-e-type=\"widget\" data-widget_type=\"text-editor.default\">\n\t\t\t\t<div class=\"elementor-widget-container\">\n\t\t\t\t\t\t\t\t\t<p>Il mio nome \u00e8 Elisabetta e sono un architetto.<\/p><p>Per il web sono l\u2019<strong>ArchiBetta<\/strong> un incrocio tra un architetto e un tuttofare creativo.<\/p><p>Sono nata a Monza, terra di imprenditori. Mi sento brianzola nell\u2019animo ma da un trentennio circa vivo con la mia famiglia e due cagnoloni in un bellissimo paese sul lago Maggiore che \u00e8 diventato la mia casa e la mia <strong>fucina di idee<\/strong>.<\/p><p>Coltivo le arti manuali fin da piccola; che mi ricordi ho sempre avuto in mano pennelli per dipingere, ma mi piace tutto ci\u00f2 che viene realizzato con le mani. Creare mi dona una tranquillit\u00e0 ed una serenit\u00e0 d\u2019animo pari alla meditazione.<\/p><p>Ho un\u2019et\u00e0 per la quale posso permettermi di fare quello che pi\u00f9 mi piace: creare, sperimentare trasformare cose, ridipingerle e riportarle a nuova vita. Ma anche ricamare, cucire e lavorare ad uncinetto. Insomma, non mi faccio mancare nulla.<\/p><p>La mia natura romantica ma anche curiosa di scoprire, abbinata alla mia formazione tecnica-professionale, mi ha permesso nel corso degli anni di scoprire e sperimentare diverse tecniche pittoriche: dalla ceramica al dipinto su seta e stoffa, dall\u2019olio all\u2019acrilico, fino ad approdare alla mia grande passione che \u00e8 il <strong>restyling<\/strong> ed il <strong>recupero<\/strong> creativo di mobili ed oggetti, e la loro collocazione nello spazio.<\/p><p>La soddisfazione pi\u00f9 grande \u00e8 quando un\u2019idea prende forma e si concretizza in un progetto. Mi piace quando passione e professione si fondono in un\u2019<em>unicum<\/em> indissolubile per diventare un valore speciale.<\/p>\t\t\t\t\t\t\t\t<\/div>\n\t\t\t\t<\/div>\n\t\t\t\t\t<\/div>\n\t\t<\/div>\n\t\t\t\t<div class=\"elementor-column elementor-col-50 elementor-top-column elementor-element elementor-element-5b17d03\" data-id=\"5b17d03\" data-element_type=\"column\" data-e-type=\"column\">\n\t\t\t<div class=\"elementor-widget-wrap elementor-element-populated\">\n\t\t\t\t\t\t<div class=\"elementor-element elementor-element-a6d419c elementor-widget elementor-widget-image\" data-id=\"a6d419c\" data-element_type=\"widget\" data-e-type=\"widget\" data-widget_type=\"image.default\">\n\t\t\t\t<div class=\"elementor-widget-container\">\n\t\t\t\t\t\t\t\t\t\t\t\t\t\t\t<img fetchpriority=\"high\" decoding=\"async\" width=\"768\" height=\"1024\" src=\"https:\/\/archibetta.com\/wp-content\/uploads\/2021\/05\/profilo-768x1024.jpeg\" class=\"attachment-medium_large size-medium_large wp-image-240\" alt=\"\" srcset=\"https:\/\/archibetta.com\/wp-content\/uploads\/2021\/05\/profilo-768x1024.jpeg 768w, https:\/\/archibetta.com\/wp-content\/uploads\/2021\/05\/profilo-225x300.jpeg 225w, https:\/\/archibetta.com\/wp-content\/uploads\/2021\/05\/profilo-1152x1536.jpeg 1152w, https:\/\/archibetta.com\/wp-content\/uploads\/2021\/05\/profilo-1536x2048.jpeg 1536w, https:\/\/archibetta.com\/wp-content\/uploads\/2021\/05\/profilo-scaled.jpeg 1920w\" sizes=\"(max-width: 768px) 100vw, 768px\" \/>\t\t\t\t\t\t\t\t\t\t\t\t\t\t\t<\/div>\n\t\t\t\t<\/div>\n\t\t\t\t\t<\/div>\n\t\t<\/div>\n\t\t\t\t\t<\/div>\n\t\t<\/section>\n\t\t\t\t<\/div>\n\t\t","protected":false},"excerpt":{"rendered":"<p>Il mio nome \u00e8 Elisabetta e sono un architetto. Per il web sono l\u2019ArchiBetta un incrocio tra un architetto e un tuttofare creativo. Sono nata a Monza, terra di imprenditori. Mi sento brianzola nell\u2019animo ma da un trentennio circa vivo con la mia famiglia e due cagnoloni in un bellissimo paese sul lago Maggiore che &hellip;<\/p>\n<p class=\"read-more\"> <a class=\"\" href=\"https:\/\/archibetta.com\/index.php\/about-me\/\"> <span class=\"screen-reader-text\">About Me<\/span> Leggi altro &raquo;<\/a><\/p>\n","protected":false},"author":1,"featured_media":0,"parent":0,"menu_order":0,"comment_status":"closed","ping_status":"closed","template":"","meta":{"site-sidebar-layout":"no-sidebar","site-content-layout":"page-builder","ast-site-content-layout":"","site-content-style":"default","site-sidebar-style":"default","ast-global-header-display":"","ast-banner-title-visibility":"","ast-main-header-display":"","ast-hfb-above-header-display":"","ast-hfb-below-header-display":"","ast-hfb-mobile-header-display":"","site-post-title":"disabled","ast-breadcrumbs-content":"","ast-featured-img":"disabled","footer-sml-layout":"","theme-transparent-header-meta":"default","adv-header-id-meta":"","stick-header-meta":"","header-above-stick-meta":"","header-main-stick-meta":"","header-below-stick-meta":"","astra-migrate-meta-layouts":"default","ast-page-background-enabled":"default","ast-page-background-meta":{"desktop":{"background-color":"","background-image":"","background-repeat":"repeat","background-position":"center center","background-size":"auto","background-attachment":"scroll","background-type":"","background-media":"","overlay-type":"","overlay-color":"","overlay-gradient":""},"tablet":{"background-color":"","background-image":"","background-repeat":"repeat","background-position":"center center","background-size":"auto","background-attachment":"scroll","background-type":"","background-media":"","overlay-type":"","overlay-color":"","overlay-gradient":""},"mobile":{"background-color":"","background-image":"","background-repeat":"repeat","background-position":"center center","background-size":"auto","background-attachment":"scroll","background-type":"","background-media":"","overlay-type":"","overlay-color":"","overlay-gradient":""}},"ast-content-background-meta":{"desktop":{"background-color":"var(--ast-global-color-5)","background-image":"","background-repeat":"repeat","background-position":"center center","background-size":"auto","background-attachment":"scroll","background-type":"","background-media":"","overlay-type":"","overlay-color":"","overlay-gradient":""},"tablet":{"background-color":"var(--ast-global-color-5)","background-image":"","background-repeat":"repeat","background-position":"center center","background-size":"auto","background-attachment":"scroll","background-type":"","background-media":"","overlay-type":"","overlay-color":"","overlay-gradient":""},"mobile":{"background-color":"var(--ast-global-color-5)","background-image":"","background-repeat":"repeat","background-position":"center center","background-size":"auto","background-attachment":"scroll","background-type":"","background-media":"","overlay-type":"","overlay-color":"","overlay-gradient":""}},"footnotes":""},"class_list":["post-30","page","type-page","status-publish","hentry"],"_links":{"self":[{"href":"https:\/\/archibetta.com\/index.php\/wp-json\/wp\/v2\/pages\/30","targetHints":{"allow":["GET"]}}],"collection":[{"href":"https:\/\/archibetta.com\/index.php\/wp-json\/wp\/v2\/pages"}],"about":[{"href":"https:\/\/archibetta.com\/index.php\/wp-json\/wp\/v2\/types\/page"}],"author":[{"embeddable":true,"href":"https:\/\/archibetta.com\/index.php\/wp-json\/wp\/v2\/users\/1"}],"replies":[{"embeddable":true,"href":"https:\/\/archibetta.com\/index.php\/wp-json\/wp\/v2\/comments?post=30"}],"version-history":[{"count":15,"href":"https:\/\/archibetta.com\/index.php\/wp-json\/wp\/v2\/pages\/30\/revisions"}],"predecessor-version":[{"id":249,"href":"https:\/\/archibetta.com\/index.php\/wp-json\/wp\/v2\/pages\/30\/revisions\/249"}],"wp:attachment":[{"href":"https:\/\/archibetta.com\/index.php\/wp-json\/wp\/v2\/media?parent=30"}],"curies":[{"name":"wp","href":"https:\/\/api.w.org\/{rel}","templated":true}]}}